{"id":470,"date":"2020-09-30T09:39:43","date_gmt":"2020-09-30T09:39:43","guid":{"rendered":"https:\/\/www.invest-mobile.com\/imob-golf-wagen\/"},"modified":"2020-11-09T13:45:11","modified_gmt":"2020-11-09T13:45:11","slug":"imob-golf-wagen","status":"publish","type":"page","link":"https:\/\/www.invest-mobile.com\/de\/imob-golf-wagen\/","title":{"rendered":"iMOB Golf-Wagen"},"content":{"rendered":"\t\t<div data-elementor-type=\"wp-page\" data-elementor-id=\"470\" class=\"elementor elementor-470 elementor-16\" data-elementor-post-type=\"page\">\n\t\t\t\t\t\t<section class=\"elementor-section elementor-top-section elementor-element elementor-element-54b4ba8e elementor-section-full_width elementor-section-height-default elementor-section-height-default\" data-id=\"54b4ba8e\" data-element_type=\"section\" data-e-type=\"section\" data-settings=\"{&quot;shape_divider_bottom&quot;:&quot;opacity-tilt&quot;}\">\n\t\t\t\t\t<div class=\"elementor-shape elementor-shape-bottom\" aria-hidden=\"true\" data-negative=\"false\">\n\t\t\t<svg xmlns=\"http:\/\/www.w3.org\/2000\/svg\" viewBox=\"0 0 2600 131.1\" preserveAspectRatio=\"none\">\n\t<path class=\"elementor-shape-fill\" d=\"M0 0L2600 0 2600 69.1 0 0z\"\/>\n\t<path class=\"elementor-shape-fill\" style=\"opacity:0.5\" d=\"M0 0L2600 0 2600 69.1 0 69.1z\"\/>\n\t<path class=\"elementor-shape-fill\" style=\"opacity:0.25\" d=\"M2600 0L0 0 0 130.1 2600 69.1z\"\/>\n<\/svg>\t\t<\/div>\n\t\t\t\t\t<div class=\"elementor-container elementor-column-gap-no\">\n\t\t\t\t\t<div class=\"elementor-column elementor-col-100 elementor-top-column elementor-element elementor-element-765f3001\" data-id=\"765f3001\" data-element_type=\"column\" data-e-type=\"column\">\n\t\t\t<div class=\"elementor-widget-wrap elementor-element-populated\">\n\t\t\t\t\t\t<div class=\"elementor-element elementor-element-7b343897 elementor--h-position-center elementor--v-position-middle elementor-arrows-position-inside elementor-pagination-position-inside elementor-widget elementor-widget-slides\" data-id=\"7b343897\" data-element_type=\"widget\" data-e-type=\"widget\" data-settings=\"{&quot;navigation&quot;:&quot;both&quot;,&quot;autoplay&quot;:&quot;yes&quot;,&quot;pause_on_hover&quot;:&quot;yes&quot;,&quot;pause_on_interaction&quot;:&quot;yes&quot;,&quot;autoplay_speed&quot;:5000,&quot;infinite&quot;:&quot;yes&quot;,&quot;transition&quot;:&quot;slide&quot;,&quot;transition_speed&quot;:500}\" data-widget_type=\"slides.default\">\n\t\t\t\t<div class=\"elementor-widget-container\">\n\t\t\t\t\t\t\t\t\t<div class=\"elementor-swiper\">\n\t\t\t\t\t<div class=\"elementor-slides-wrapper elementor-main-swiper swiper\" role=\"region\" aria-roledescription=\"carousel\" aria-label=\"Slides\" dir=\"ltr\" data-animation=\"fadeInUp\">\n\t\t\t\t<div class=\"swiper-wrapper elementor-slides\">\n\t\t\t\t\t\t\t\t\t\t<div class=\"elementor-repeater-item-d65475e swiper-slide\" role=\"group\" aria-roledescription=\"slide\"><div class=\"swiper-slide-bg\" role=\"img\" aria-label=\"imobBeeldContentTwee\"><\/div><div class=\"elementor-background-overlay\"><\/div><div class=\"swiper-slide-inner\" ><div class=\"swiper-slide-contents\"><div class=\"elementor-slide-heading\">iMOB Golf-Wagen<\/div><\/div><\/div><\/div>\t\t\t\t<\/div>\n\t\t\t\t\t\t\t<\/div>\n\t\t\t\t<\/div>\n\t\t\t\t\t\t\t\t<\/div>\n\t\t\t\t<\/div>\n\t\t\t\t\t<\/div>\n\t\t<\/div>\n\t\t\t\t\t<\/div>\n\t\t<\/section>\n\t\t\t\t<section class=\"elementor-section elementor-top-section elementor-element elementor-element-5ff85c elementor-section-boxed elementor-section-height-default elementor-section-height-default\" data-id=\"5ff85c\" data-element_type=\"section\" data-e-type=\"section\">\n\t\t\t\t\t\t<div class=\"elementor-container elementor-column-gap-default\">\n\t\t\t\t\t<div class=\"elementor-column elementor-col-100 elementor-top-column elementor-element elementor-element-24567220\" data-id=\"24567220\" data-element_type=\"column\" data-e-type=\"column\">\n\t\t\t<div class=\"elementor-widget-wrap elementor-element-populated\">\n\t\t\t\t\t\t<div class=\"elementor-element elementor-element-31929d4b elementor-widget elementor-widget-heading\" data-id=\"31929d4b\" data-element_type=\"widget\" data-e-type=\"widget\" data-widget_type=\"heading.default\">\n\t\t\t\t<div class=\"elementor-widget-container\">\n\t\t\t\t\t<h2 class=\"elementor-heading-title elementor-size-default\">iMob-Golfwagen f\u00fcr die \u00f6ffentliche Stra\u00dfe<\/h2>\t\t\t\t<\/div>\n\t\t\t\t<\/div>\n\t\t\t\t<div class=\"elementor-element elementor-element-48eecaa9 elementor-widget elementor-widget-text-editor\" data-id=\"48eecaa9\" data-element_type=\"widget\" data-e-type=\"widget\" data-widget_type=\"text-editor.default\">\n\t\t\t\t<div class=\"elementor-widget-container\">\n\t\t\t\t\t\t\t\t\t<p>Invest-Mobile ist der Lieferant von iMob-Golfwagen f\u00fcr die Benelux-L\u00e4nder und Deutschland. Funktionelle, elektrisch angetriebene Golfwagen. Umweltfreundlich. Geeignet f\u00fcr \u00f6ffentliche Stra\u00dfen. So ideal f\u00fcr die Stadt!<\/p>\n\t\t\t\t\t\t\t\t<\/div>\n\t\t\t\t<\/div>\n\t\t\t\t\t<\/div>\n\t\t<\/div>\n\t\t\t\t\t<\/div>\n\t\t<\/section>\n\t\t\t\t<section class=\"elementor-section elementor-top-section elementor-element elementor-element-590a62a5 elementor-reverse-tablet elementor-reverse-mobile elementor-section-full_width elementor-section-height-default elementor-section-height-default\" data-id=\"590a62a5\" data-element_type=\"section\" data-e-type=\"section\" data-settings=\"{&quot;background_background&quot;:&quot;classic&quot;}\">\n\t\t\t\t\t\t<div class=\"elementor-container elementor-column-gap-no\">\n\t\t\t\t\t<div class=\"elementor-column elementor-col-50 elementor-top-column elementor-element elementor-element-189d3433\" data-id=\"189d3433\" data-element_type=\"column\" data-e-type=\"column\" data-settings=\"{&quot;background_background&quot;:&quot;classic&quot;}\">\n\t\t\t<div class=\"elementor-widget-wrap elementor-element-populated\">\n\t\t\t\t\t\t<div class=\"elementor-element elementor-element-4adec9f elementor-widget elementor-widget-heading\" data-id=\"4adec9f\" data-element_type=\"widget\" data-e-type=\"widget\" data-widget_type=\"heading.default\">\n\t\t\t\t<div class=\"elementor-widget-container\">\n\t\t\t\t\t<h2 class=\"elementor-heading-title elementor-size-default\">coming soon...<\/h2>\t\t\t\t<\/div>\n\t\t\t\t<\/div>\n\t\t\t\t\t<\/div>\n\t\t<\/div>\n\t\t\t\t<div class=\"elementor-column elementor-col-50 elementor-top-column elementor-element elementor-element-29cf04b2\" data-id=\"29cf04b2\" data-element_type=\"column\" data-e-type=\"column\">\n\t\t\t<div class=\"elementor-widget-wrap elementor-element-populated\">\n\t\t\t\t\t\t<div class=\"elementor-element elementor-element-6cbb2990 elementor-widget elementor-widget-text-editor\" data-id=\"6cbb2990\" data-element_type=\"widget\" data-e-type=\"widget\" data-widget_type=\"text-editor.default\">\n\t\t\t\t<div class=\"elementor-widget-container\">\n\t\t\t\t\t\t\t\t\t<p>Invest-Mobile ist Hersteller und Lieferant des elektrischen Golfwagens mit dem Namen iMob. Elektrisches Fahren auf \u00f6ffentlichen Stra\u00dfen? Mit dem iMob haben Sie das alternative Verkehrsmittel in der Stadt, auf dem Golfplatz, Firmengel\u00e4nde oder in der N\u00e4he Ihres Wohnortes. Unsere Fahrzeuge erf\u00fcllen alle Anforderungen f\u00fcr das Fahren auf \u00f6ffentlichen Stra\u00dfen in Europa. Sie m\u00fcssen im Besitz eines Moped-Zertifikats sein.<\/p>\n\t\t\t\t\t\t\t\t<\/div>\n\t\t\t\t<\/div>\n\t\t\t\t<div class=\"elementor-element elementor-element-1c7d917e elementor-widget elementor-widget-heading\" data-id=\"1c7d917e\" data-element_type=\"widget\" data-e-type=\"widget\" data-widget_type=\"heading.default\">\n\t\t\t\t<div class=\"elementor-widget-container\">\n\t\t\t\t\t<h2 class=\"elementor-heading-title elementor-size-default\">iMob elektrische Golfwagen<\/h2>\t\t\t\t<\/div>\n\t\t\t\t<\/div>\n\t\t\t\t<div class=\"elementor-element elementor-element-21a7c1f elementor-widget elementor-widget-text-editor\" data-id=\"21a7c1f\" data-element_type=\"widget\" data-e-type=\"widget\" data-widget_type=\"text-editor.default\">\n\t\t\t\t<div class=\"elementor-widget-container\">\n\t\t\t\t\t\t\t\t\t<p>Als innovatives Unternehmen konzentrieren wir uns auf Elektrofahrzeuge f\u00fcr den privaten Nutzer und bieten Unternehmen im Tourismussektor, Kommunen sowie staatlichen und anderen Institutionen unsere praktischen, funktionalen und energieeffizienten Fahrzeuge f\u00fcr den Transport von G\u00e4sten, Personen und\/oder G\u00fctern an.<\/p>\n<p>Durch die vielen Modelle, Zubeh\u00f6rteile und Optionen eignet sich der iMob-Golfwagen als multifunktionales Fahrzeug f\u00fcr den Transport von Personen und\/oder G\u00fctern. Suchen Sie nach einer umweltfreundlichen und funktionellen L\u00f6sung f\u00fcr Ihr Unternehmen? Die iMob-Golfwagen bieten auch f\u00fcr Sie die L\u00f6sung. Leises Fahren auf \u00f6ffentlichen Stra\u00dfen, schnelles Laden und sorgenfreies Parken.<\/p>\n\t\t\t\t\t\t\t\t<\/div>\n\t\t\t\t<\/div>\n\t\t\t\t\t<\/div>\n\t\t<\/div>\n\t\t\t\t\t<\/div>\n\t\t<\/section>\n\t\t\t\t<section class=\"elementor-section elementor-top-section elementor-element elementor-element-6871c71 elementor-section-boxed elementor-section-height-default elementor-section-height-default\" data-id=\"6871c71\" data-element_type=\"section\" data-e-type=\"section\" data-settings=\"{&quot;background_background&quot;:&quot;classic&quot;}\">\n\t\t\t\t\t\t<div class=\"elementor-container elementor-column-gap-default\">\n\t\t\t\t\t<div class=\"elementor-column elementor-col-50 elementor-top-column elementor-element elementor-element-3091918d\" data-id=\"3091918d\" data-element_type=\"column\" data-e-type=\"column\">\n\t\t\t<div class=\"elementor-widget-wrap elementor-element-populated\">\n\t\t\t\t\t\t<div class=\"elementor-element elementor-element-227db25e elementor-widget elementor-widget-heading\" data-id=\"227db25e\" data-element_type=\"widget\" data-e-type=\"widget\" data-widget_type=\"heading.default\">\n\t\t\t\t<div class=\"elementor-widget-container\">\n\t\t\t\t\t<h2 class=\"elementor-heading-title elementor-size-default\">Praktisch<\/h2>\t\t\t\t<\/div>\n\t\t\t\t<\/div>\n\t\t\t\t<div class=\"elementor-element elementor-element-d9fffe5 elementor-widget elementor-widget-text-editor\" data-id=\"d9fffe5\" data-element_type=\"widget\" data-e-type=\"widget\" data-widget_type=\"text-editor.default\">\n\t\t\t\t<div class=\"elementor-widget-container\">\n\t\t\t\t\t\t\t\t\t<p>Die elektrischen iMob-Golfwagen sind wartungsfreundlich, elektrisch und k\u00f6nnen f\u00fcr viele Anwendungen eingesetzt werden. Invest-Mobile baut den iMob in seiner eigenen Fabrik zusammen. Die Fahrzeuge sind mit Originalzubeh\u00f6r (Beleuchtung, Sicherheitsgurte usw.) ausgestattet, so dass das Fahren auf \u00f6ffentlichen Stra\u00dfen erlaubt ist. Fahrzeuge f\u00fcr Kunden in Belgien werden mit einem belgischen Nummernschild versehen. F\u00fcr Kunden im Ausland werden die Fahrzeuge entsprechend der lokalen Gesetzgebung einsatzbereit geliefert. Die iMob-Elektrofahrzeuge sind ab Lager lieferbar.<\/p>\n\t\t\t\t\t\t\t\t<\/div>\n\t\t\t\t<\/div>\n\t\t\t\t\t<\/div>\n\t\t<\/div>\n\t\t\t\t<div class=\"elementor-column elementor-col-50 elementor-top-column elementor-element elementor-element-6f1e4cb\" data-id=\"6f1e4cb\" data-element_type=\"column\" data-e-type=\"column\">\n\t\t\t<div class=\"elementor-widget-wrap elementor-element-populated\">\n\t\t\t\t\t\t<div class=\"elementor-element elementor-element-8c8e321 elementor-widget elementor-widget-heading\" data-id=\"8c8e321\" data-element_type=\"widget\" data-e-type=\"widget\" data-widget_type=\"heading.default\">\n\t\t\t\t<div class=\"elementor-widget-container\">\n\t\t\t\t\t<h2 class=\"elementor-heading-title elementor-size-default\">Dienst<\/h2>\t\t\t\t<\/div>\n\t\t\t\t<\/div>\n\t\t\t\t<div class=\"elementor-element elementor-element-bfd532b elementor-widget elementor-widget-text-editor\" data-id=\"bfd532b\" data-element_type=\"widget\" data-e-type=\"widget\" data-widget_type=\"text-editor.default\">\n\t\t\t\t<div class=\"elementor-widget-container\">\n\t\t\t\t\t\t\t\t\t<p>Alle unsere elektrischen Mini-Fahrzeuge rosten nicht und sind mit einem Aluminium-Chassis ausgestattet. Invest-Mobile verf\u00fcgt \u00fcber eine eigene Service- und Wartungsabteilung.<\/p>\n\t\t\t\t\t\t\t\t<\/div>\n\t\t\t\t<\/div>\n\t\t\t\t<div class=\"elementor-element elementor-element-b987991 elementor-icon-list--layout-traditional elementor-list-item-link-full_width elementor-widget elementor-widget-icon-list\" data-id=\"b987991\" data-element_type=\"widget\" data-e-type=\"widget\" data-widget_type=\"icon-list.default\">\n\t\t\t\t<div class=\"elementor-widget-container\">\n\t\t\t\t\t\t\t<ul class=\"elementor-icon-list-items\">\n\t\t\t\t\t\t\t<li class=\"elementor-icon-list-item\">\n\t\t\t\t\t\t\t\t\t\t\t<span class=\"elementor-icon-list-icon\">\n\t\t\t\t\t\t\t<i aria-hidden=\"true\" class=\"far fa-arrow-alt-circle-right\"><\/i>\t\t\t\t\t\t<\/span>\n\t\t\t\t\t\t\t\t\t\t<span class=\"elementor-icon-list-text\">2 Jahre Herstellergarantie auf Batterien (bei normalem Gebrauch)<\/span>\n\t\t\t\t\t\t\t\t\t<\/li>\n\t\t\t\t\t\t\t\t<li class=\"elementor-icon-list-item\">\n\t\t\t\t\t\t\t\t\t\t\t<span class=\"elementor-icon-list-icon\">\n\t\t\t\t\t\t\t<i aria-hidden=\"true\" class=\"far fa-arrow-alt-circle-right\"><\/i>\t\t\t\t\t\t<\/span>\n\t\t\t\t\t\t\t\t\t\t<span class=\"elementor-icon-list-text\">4 Jahre Herstellergarantie auf Fahrgestell und Aufbau<\/span>\n\t\t\t\t\t\t\t\t\t<\/li>\n\t\t\t\t\t\t\t\t<li class=\"elementor-icon-list-item\">\n\t\t\t\t\t\t\t\t\t\t\t<span class=\"elementor-icon-list-icon\">\n\t\t\t\t\t\t\t<i aria-hidden=\"true\" class=\"far fa-arrow-alt-circle-right\"><\/i>\t\t\t\t\t\t<\/span>\n\t\t\t\t\t\t\t\t\t\t<span class=\"elementor-icon-list-text\">1 Jahr kostenloser Service und Wartung<\/span>\n\t\t\t\t\t\t\t\t\t<\/li>\n\t\t\t\t\t\t\t\t<li class=\"elementor-icon-list-item\">\n\t\t\t\t\t\t\t\t\t\t\t<span class=\"elementor-icon-list-icon\">\n\t\t\t\t\t\t\t<i aria-hidden=\"true\" class=\"far fa-arrow-alt-circle-right\"><\/i>\t\t\t\t\t\t<\/span>\n\t\t\t\t\t\t\t\t\t\t<span class=\"elementor-icon-list-text\">Lieferung einschlie\u00dflich Club Car-Handbuch mit vollst\u00e4ndiger Beschreibung und Anweisungen<\/span>\n\t\t\t\t\t\t\t\t\t<\/li>\n\t\t\t\t\t\t<\/ul>\n\t\t\t\t\t\t<\/div>\n\t\t\t\t<\/div>\n\t\t\t\t\t<\/div>\n\t\t<\/div>\n\t\t\t\t\t<\/div>\n\t\t<\/section>\n\t\t\t\t<\/div>\n\t\t","protected":false},"excerpt":{"rendered":"<p>iMOB Golf-Wagen iMob-Golfwagen f\u00fcr die \u00f6ffentliche Stra\u00dfe Invest-Mobile ist der Lieferant von iMob-Golfwagen f\u00fcr die Benelux-L\u00e4nder und Deutschland. Funktionelle, elektrisch angetriebene Golfwagen. Umweltfreundlich. Geeignet f\u00fcr \u00f6ffentliche Stra\u00dfen. So ideal f\u00fcr die Stadt! coming soon&#8230; Invest-Mobile ist Hersteller und Lieferant des elektrischen Golfwagens mit dem Namen iMob. Elektrisches Fahren auf \u00f6ffentlichen Stra\u00dfen? Mit dem iMob haben [&hellip;]<\/p>\n","protected":false},"author":1,"featured_media":0,"parent":0,"menu_order":0,"comment_status":"closed","ping_status":"closed","template":"elementor_header_footer","meta":{"footnotes":""},"class_list":["post-470","page","type-page","status-publish","hentry"],"yoast_head":"<!-- This site is optimized with the Yoast SEO plugin v26.9 - https:\/\/yoast.com\/product\/yoast-seo-wordpress\/ -->\n<title>iMOB Golf-Wagen - Invest Mobile<\/title>\n<meta name=\"description\" content=\"Funktionelle, elektrisch angetriebene Golfwagen. Umweltfreundlich. Geeignet f\u00fcr \u00f6ffentliche Stra\u00dfen. So ideal f\u00fcr die Stadt!\" \/>\n<meta name=\"robots\" content=\"index, follow, max-snippet:-1, max-image-preview:large, max-video-preview:-1\" \/>\n<link rel=\"canonical\" href=\"https:\/\/www.invest-mobile.com\/de\/imob-golf-wagen\/\" \/>\n<meta property=\"og:locale\" content=\"de_DE\" \/>\n<meta property=\"og:type\" content=\"article\" \/>\n<meta property=\"og:title\" content=\"iMOB Golf-Wagen - Invest Mobile\" \/>\n<meta property=\"og:description\" content=\"Funktionelle, elektrisch angetriebene Golfwagen. Umweltfreundlich. Geeignet f\u00fcr \u00f6ffentliche Stra\u00dfen. So ideal f\u00fcr die Stadt!\" \/>\n<meta property=\"og:url\" content=\"https:\/\/www.invest-mobile.com\/de\/imob-golf-wagen\/\" \/>\n<meta property=\"og:site_name\" content=\"Invest Mobile\" \/>\n<meta property=\"article:publisher\" content=\"https:\/\/www.facebook.com\/investmobile\/\" \/>\n<meta property=\"article:modified_time\" content=\"2020-11-09T13:45:11+00:00\" \/>\n<meta name=\"twitter:card\" content=\"summary_large_image\" \/>\n<meta name=\"twitter:label1\" content=\"Gesch\u00e4tzte Lesezeit\" \/>\n\t<meta name=\"twitter:data1\" content=\"2\u00a0Minuten\" \/>\n<script type=\"application\/ld+json\" class=\"yoast-schema-graph\">{\"@context\":\"https:\/\/schema.org\",\"@graph\":[{\"@type\":\"WebPage\",\"@id\":\"https:\/\/www.invest-mobile.com\/de\/imob-golf-wagen\/\",\"url\":\"https:\/\/www.invest-mobile.com\/de\/imob-golf-wagen\/\",\"name\":\"iMOB Golf-Wagen - Invest Mobile\",\"isPartOf\":{\"@id\":\"https:\/\/www.invest-mobile.com\/de\/#website\"},\"datePublished\":\"2020-09-30T09:39:43+00:00\",\"dateModified\":\"2020-11-09T13:45:11+00:00\",\"description\":\"Funktionelle, elektrisch angetriebene Golfwagen. Umweltfreundlich. Geeignet f\u00fcr \u00f6ffentliche Stra\u00dfen. So ideal f\u00fcr die Stadt!\",\"breadcrumb\":{\"@id\":\"https:\/\/www.invest-mobile.com\/de\/imob-golf-wagen\/#breadcrumb\"},\"inLanguage\":\"de\",\"potentialAction\":[{\"@type\":\"ReadAction\",\"target\":[\"https:\/\/www.invest-mobile.com\/de\/imob-golf-wagen\/\"]}]},{\"@type\":\"BreadcrumbList\",\"@id\":\"https:\/\/www.invest-mobile.com\/de\/imob-golf-wagen\/#breadcrumb\",\"itemListElement\":[{\"@type\":\"ListItem\",\"position\":1,\"name\":\"Home\",\"item\":\"https:\/\/www.invest-mobile.com\/de\/\"},{\"@type\":\"ListItem\",\"position\":2,\"name\":\"iMOB Golf-Wagen\"}]},{\"@type\":\"WebSite\",\"@id\":\"https:\/\/www.invest-mobile.com\/de\/#website\",\"url\":\"https:\/\/www.invest-mobile.com\/de\/\",\"name\":\"Invest Mobile\",\"description\":\"elektrische golfkarren - milieuvriendelijk rijden op de openbare weg\",\"publisher\":{\"@id\":\"https:\/\/www.invest-mobile.com\/de\/#organization\"},\"potentialAction\":[{\"@type\":\"SearchAction\",\"target\":{\"@type\":\"EntryPoint\",\"urlTemplate\":\"https:\/\/www.invest-mobile.com\/de\/?s={search_term_string}\"},\"query-input\":{\"@type\":\"PropertyValueSpecification\",\"valueRequired\":true,\"valueName\":\"search_term_string\"}}],\"inLanguage\":\"de\"},{\"@type\":\"Organization\",\"@id\":\"https:\/\/www.invest-mobile.com\/de\/#organization\",\"name\":\"Invest Mobile\",\"url\":\"https:\/\/www.invest-mobile.com\/de\/\",\"logo\":{\"@type\":\"ImageObject\",\"inLanguage\":\"de\",\"@id\":\"https:\/\/www.invest-mobile.com\/de\/#\/schema\/logo\/image\/\",\"url\":\"https:\/\/www.invest-mobile.com\/wp-content\/uploads\/2020\/05\/logo-klein3-e1590493924520.jpg\",\"contentUrl\":\"https:\/\/www.invest-mobile.com\/wp-content\/uploads\/2020\/05\/logo-klein3-e1590493924520.jpg\",\"width\":318,\"height\":111,\"caption\":\"Invest Mobile\"},\"image\":{\"@id\":\"https:\/\/www.invest-mobile.com\/de\/#\/schema\/logo\/image\/\"},\"sameAs\":[\"https:\/\/www.facebook.com\/investmobile\/\",\"https:\/\/www.instagram.com\/investmobile\/\",\"https:\/\/www.youtube.com\/channel\/UC4FNn7nsTYdyBloUTq4pb1Q\"]}]}<\/script>\n<!-- \/ Yoast SEO plugin. -->","yoast_head_json":{"title":"iMOB Golf-Wagen - Invest Mobile","description":"Funktionelle, elektrisch angetriebene Golfwagen. Umweltfreundlich. Geeignet f\u00fcr \u00f6ffentliche Stra\u00dfen. So ideal f\u00fcr die Stadt!","robots":{"index":"index","follow":"follow","max-snippet":"max-snippet:-1","max-image-preview":"max-image-preview:large","max-video-preview":"max-video-preview:-1"},"canonical":"https:\/\/www.invest-mobile.com\/de\/imob-golf-wagen\/","og_locale":"de_DE","og_type":"article","og_title":"iMOB Golf-Wagen - Invest Mobile","og_description":"Funktionelle, elektrisch angetriebene Golfwagen. Umweltfreundlich. Geeignet f\u00fcr \u00f6ffentliche Stra\u00dfen. So ideal f\u00fcr die Stadt!","og_url":"https:\/\/www.invest-mobile.com\/de\/imob-golf-wagen\/","og_site_name":"Invest Mobile","article_publisher":"https:\/\/www.facebook.com\/investmobile\/","article_modified_time":"2020-11-09T13:45:11+00:00","twitter_card":"summary_large_image","twitter_misc":{"Gesch\u00e4tzte Lesezeit":"2\u00a0Minuten"},"schema":{"@context":"https:\/\/schema.org","@graph":[{"@type":"WebPage","@id":"https:\/\/www.invest-mobile.com\/de\/imob-golf-wagen\/","url":"https:\/\/www.invest-mobile.com\/de\/imob-golf-wagen\/","name":"iMOB Golf-Wagen - Invest Mobile","isPartOf":{"@id":"https:\/\/www.invest-mobile.com\/de\/#website"},"datePublished":"2020-09-30T09:39:43+00:00","dateModified":"2020-11-09T13:45:11+00:00","description":"Funktionelle, elektrisch angetriebene Golfwagen. Umweltfreundlich. Geeignet f\u00fcr \u00f6ffentliche Stra\u00dfen. So ideal f\u00fcr die Stadt!","breadcrumb":{"@id":"https:\/\/www.invest-mobile.com\/de\/imob-golf-wagen\/#breadcrumb"},"inLanguage":"de","potentialAction":[{"@type":"ReadAction","target":["https:\/\/www.invest-mobile.com\/de\/imob-golf-wagen\/"]}]},{"@type":"BreadcrumbList","@id":"https:\/\/www.invest-mobile.com\/de\/imob-golf-wagen\/#breadcrumb","itemListElement":[{"@type":"ListItem","position":1,"name":"Home","item":"https:\/\/www.invest-mobile.com\/de\/"},{"@type":"ListItem","position":2,"name":"iMOB Golf-Wagen"}]},{"@type":"WebSite","@id":"https:\/\/www.invest-mobile.com\/de\/#website","url":"https:\/\/www.invest-mobile.com\/de\/","name":"Invest Mobile","description":"elektrische golfkarren - milieuvriendelijk rijden op de openbare weg","publisher":{"@id":"https:\/\/www.invest-mobile.com\/de\/#organization"},"potentialAction":[{"@type":"SearchAction","target":{"@type":"EntryPoint","urlTemplate":"https:\/\/www.invest-mobile.com\/de\/?s={search_term_string}"},"query-input":{"@type":"PropertyValueSpecification","valueRequired":true,"valueName":"search_term_string"}}],"inLanguage":"de"},{"@type":"Organization","@id":"https:\/\/www.invest-mobile.com\/de\/#organization","name":"Invest Mobile","url":"https:\/\/www.invest-mobile.com\/de\/","logo":{"@type":"ImageObject","inLanguage":"de","@id":"https:\/\/www.invest-mobile.com\/de\/#\/schema\/logo\/image\/","url":"https:\/\/www.invest-mobile.com\/wp-content\/uploads\/2020\/05\/logo-klein3-e1590493924520.jpg","contentUrl":"https:\/\/www.invest-mobile.com\/wp-content\/uploads\/2020\/05\/logo-klein3-e1590493924520.jpg","width":318,"height":111,"caption":"Invest Mobile"},"image":{"@id":"https:\/\/www.invest-mobile.com\/de\/#\/schema\/logo\/image\/"},"sameAs":["https:\/\/www.facebook.com\/investmobile\/","https:\/\/www.instagram.com\/investmobile\/","https:\/\/www.youtube.com\/channel\/UC4FNn7nsTYdyBloUTq4pb1Q"]}]}},"_links":{"self":[{"href":"https:\/\/www.invest-mobile.com\/de\/wp-json\/wp\/v2\/pages\/470","targetHints":{"allow":["GET"]}}],"collection":[{"href":"https:\/\/www.invest-mobile.com\/de\/wp-json\/wp\/v2\/pages"}],"about":[{"href":"https:\/\/www.invest-mobile.com\/de\/wp-json\/wp\/v2\/types\/page"}],"author":[{"embeddable":true,"href":"https:\/\/www.invest-mobile.com\/de\/wp-json\/wp\/v2\/users\/1"}],"replies":[{"embeddable":true,"href":"https:\/\/www.invest-mobile.com\/de\/wp-json\/wp\/v2\/comments?post=470"}],"version-history":[{"count":2,"href":"https:\/\/www.invest-mobile.com\/de\/wp-json\/wp\/v2\/pages\/470\/revisions"}],"predecessor-version":[{"id":797,"href":"https:\/\/www.invest-mobile.com\/de\/wp-json\/wp\/v2\/pages\/470\/revisions\/797"}],"wp:attachment":[{"href":"https:\/\/www.invest-mobile.com\/de\/wp-json\/wp\/v2\/media?parent=470"}],"curies":[{"name":"wp","href":"https:\/\/api.w.org\/{rel}","templated":true}]}}