{"id":1311,"date":"2021-03-24T12:13:50","date_gmt":"2021-03-24T12:13:50","guid":{"rendered":"https:\/\/www.invest-mobile.com\/leasing-de-voitures-de-golf\/"},"modified":"2021-03-24T12:13:51","modified_gmt":"2021-03-24T12:13:51","slug":"leasing-de-voitures-de-golf","status":"publish","type":"page","link":"https:\/\/www.invest-mobile.com\/fr\/leasing-de-voitures-de-golf\/","title":{"rendered":"Leasing de voitures de golf"},"content":{"rendered":"\t\t<div data-elementor-type=\"wp-page\" data-elementor-id=\"1311\" class=\"elementor elementor-1311 elementor-1291\" data-elementor-post-type=\"page\">\n\t\t\t\t\t\t<section class=\"elementor-section elementor-top-section elementor-element elementor-element-3c19841 elementor-section-full_width elementor-section-height-default elementor-section-height-default\" data-id=\"3c19841\" data-element_type=\"section\" data-e-type=\"section\" data-settings=\"{&quot;shape_divider_bottom&quot;:&quot;opacity-tilt&quot;}\">\n\t\t\t\t\t<div class=\"elementor-shape elementor-shape-bottom\" aria-hidden=\"true\" data-negative=\"false\">\n\t\t\t<svg xmlns=\"http:\/\/www.w3.org\/2000\/svg\" viewBox=\"0 0 2600 131.1\" preserveAspectRatio=\"none\">\n\t<path class=\"elementor-shape-fill\" d=\"M0 0L2600 0 2600 69.1 0 0z\"\/>\n\t<path class=\"elementor-shape-fill\" style=\"opacity:0.5\" d=\"M0 0L2600 0 2600 69.1 0 69.1z\"\/>\n\t<path class=\"elementor-shape-fill\" style=\"opacity:0.25\" d=\"M2600 0L0 0 0 130.1 2600 69.1z\"\/>\n<\/svg>\t\t<\/div>\n\t\t\t\t\t<div class=\"elementor-container elementor-column-gap-no\">\n\t\t\t\t\t<div class=\"elementor-column elementor-col-100 elementor-top-column elementor-element elementor-element-b71f761\" data-id=\"b71f761\" data-element_type=\"column\" data-e-type=\"column\">\n\t\t\t<div class=\"elementor-widget-wrap elementor-element-populated\">\n\t\t\t\t\t\t<div class=\"elementor-element elementor-element-2dde1a46 elementor--h-position-center elementor--v-position-middle elementor-arrows-position-inside elementor-pagination-position-inside elementor-widget elementor-widget-slides\" data-id=\"2dde1a46\" data-element_type=\"widget\" data-e-type=\"widget\" data-settings=\"{&quot;navigation&quot;:&quot;both&quot;,&quot;autoplay&quot;:&quot;yes&quot;,&quot;pause_on_hover&quot;:&quot;yes&quot;,&quot;pause_on_interaction&quot;:&quot;yes&quot;,&quot;autoplay_speed&quot;:5000,&quot;infinite&quot;:&quot;yes&quot;,&quot;transition&quot;:&quot;slide&quot;,&quot;transition_speed&quot;:500}\" data-widget_type=\"slides.default\">\n\t\t\t\t<div class=\"elementor-widget-container\">\n\t\t\t\t\t\t\t\t\t<div class=\"elementor-swiper\">\n\t\t\t\t\t<div class=\"elementor-slides-wrapper elementor-main-swiper swiper\" role=\"region\" aria-roledescription=\"carousel\" aria-label=\"Slides\" dir=\"ltr\" data-animation=\"fadeInUp\">\n\t\t\t\t<div class=\"swiper-wrapper elementor-slides\">\n\t\t\t\t\t\t\t\t\t\t<div class=\"elementor-repeater-item-d65475e swiper-slide\" role=\"group\" aria-roledescription=\"slide\"><div class=\"swiper-slide-bg\" role=\"img\" aria-label=\"leasing\"><\/div><div class=\"elementor-background-overlay\"><\/div><div class=\"swiper-slide-inner\" ><div class=\"swiper-slide-contents\"><div class=\"elementor-slide-heading\">Leasing de voitures de golf<\/div><\/div><\/div><\/div>\t\t\t\t<\/div>\n\t\t\t\t\t\t\t<\/div>\n\t\t\t\t<\/div>\n\t\t\t\t\t\t\t\t<\/div>\n\t\t\t\t<\/div>\n\t\t\t\t\t<\/div>\n\t\t<\/div>\n\t\t\t\t\t<\/div>\n\t\t<\/section>\n\t\t\t\t<section class=\"elementor-section elementor-top-section elementor-element elementor-element-37a8a9c4 elementor-reverse-tablet elementor-reverse-mobile elementor-section-boxed elementor-section-height-default elementor-section-height-default\" data-id=\"37a8a9c4\" data-element_type=\"section\" data-e-type=\"section\">\n\t\t\t\t\t\t<div class=\"elementor-container elementor-column-gap-default\">\n\t\t\t\t\t<div class=\"elementor-column elementor-col-50 elementor-top-column elementor-element elementor-element-405db5e7\" data-id=\"405db5e7\" data-element_type=\"column\" data-e-type=\"column\">\n\t\t\t<div class=\"elementor-widget-wrap elementor-element-populated\">\n\t\t\t\t\t\t<div class=\"elementor-element elementor-element-53a18330 elementor-widget elementor-widget-text-editor\" data-id=\"53a18330\" data-element_type=\"widget\" data-e-type=\"widget\" data-widget_type=\"text-editor.default\">\n\t\t\t\t<div class=\"elementor-widget-container\">\n\t\t\t\t\t\t\t\t\t<p>Afin d&rsquo;optimiser notre service, nous avons conclu un <strong>partenariat<\/strong> avec <strong>plusieurs institutions financi\u00e8res<\/strong>.<\/p>\n\t\t\t\t\t\t\t\t<\/div>\n\t\t\t\t<\/div>\n\t\t\t\t<div class=\"elementor-element elementor-element-6ad1c5b elementor-widget elementor-widget-image\" data-id=\"6ad1c5b\" data-element_type=\"widget\" data-e-type=\"widget\" data-widget_type=\"image.default\">\n\t\t\t\t<div class=\"elementor-widget-container\">\n\t\t\t\t\t\t\t\t\t\t\t\t\t\t\t<img fetchpriority=\"high\" decoding=\"async\" width=\"800\" height=\"533\" src=\"https:\/\/www.invest-mobile.com\/wp-content\/uploads\/2021\/03\/all-inclusiv-leasing.png\" class=\"attachment-large size-large wp-image-1296\" alt=\"\" srcset=\"https:\/\/www.invest-mobile.com\/wp-content\/uploads\/2021\/03\/all-inclusiv-leasing.png 900w, https:\/\/www.invest-mobile.com\/wp-content\/uploads\/2021\/03\/all-inclusiv-leasing-300x200.png 300w, https:\/\/www.invest-mobile.com\/wp-content\/uploads\/2021\/03\/all-inclusiv-leasing-768x512.png 768w\" sizes=\"(max-width: 800px) 100vw, 800px\" \/>\t\t\t\t\t\t\t\t\t\t\t\t\t\t\t<\/div>\n\t\t\t\t<\/div>\n\t\t\t\t\t<\/div>\n\t\t<\/div>\n\t\t\t\t<div class=\"elementor-column elementor-col-50 elementor-top-column elementor-element elementor-element-5942ead\" data-id=\"5942ead\" data-element_type=\"column\" data-e-type=\"column\">\n\t\t\t<div class=\"elementor-widget-wrap elementor-element-populated\">\n\t\t\t\t\t\t<div class=\"elementor-element elementor-element-7b57a5f7 elementor-widget elementor-widget-text-editor\" data-id=\"7b57a5f7\" data-element_type=\"widget\" data-e-type=\"widget\" data-widget_type=\"text-editor.default\">\n\t\t\t\t<div class=\"elementor-widget-container\">\n\t\t\t\t\t\t\t\t\t<p>Bas\u00e9 sur leur exp\u00e9rience, ils vous conseillent lors de l&rsquo;achat d&rsquo;un certain type de voiture de golf homologu\u00e9e pour une utilisation sur la voie publique dans toute l&rsquo;Europe. Si vous le souhaitez, ils peuvent bien s\u00fbr \u00e9galement faire un leasing adapt\u00e9 \u00e0 vos besoins.<\/p>\n\t\t\t\t\t\t\t\t<\/div>\n\t\t\t\t<\/div>\n\t\t\t\t<div class=\"elementor-element elementor-element-4f16ea7d elementor-widget elementor-widget-heading\" data-id=\"4f16ea7d\" data-element_type=\"widget\" data-e-type=\"widget\" data-widget_type=\"heading.default\">\n\t\t\t\t<div class=\"elementor-widget-container\">\n\t\t\t\t\t<h2 class=\"elementor-heading-title elementor-size-default\">Le leasing commerciale et priv\u00e9e est possible<\/h2>\t\t\t\t<\/div>\n\t\t\t\t<\/div>\n\t\t\t\t<div class=\"elementor-element elementor-element-17d513d4 elementor-icon-list--layout-traditional elementor-list-item-link-full_width elementor-widget elementor-widget-icon-list\" data-id=\"17d513d4\" data-element_type=\"widget\" data-e-type=\"widget\" data-widget_type=\"icon-list.default\">\n\t\t\t\t<div class=\"elementor-widget-container\">\n\t\t\t\t\t\t\t<ul class=\"elementor-icon-list-items\">\n\t\t\t\t\t\t\t<li class=\"elementor-icon-list-item\">\n\t\t\t\t\t\t\t\t\t\t\t<span class=\"elementor-icon-list-icon\">\n\t\t\t\t\t\t\t<i aria-hidden=\"true\" class=\"far fa-arrow-alt-circle-right\"><\/i>\t\t\t\t\t\t<\/span>\n\t\t\t\t\t\t\t\t\t\t<span class=\"elementor-icon-list-text\">V\u00e9hicules utilitaires \u00e9lectriques avec cabine et plaque d'immatriculation pour motos<\/span>\n\t\t\t\t\t\t\t\t\t<\/li>\n\t\t\t\t\t\t\t\t<li class=\"elementor-icon-list-item\">\n\t\t\t\t\t\t\t\t\t\t\t<span class=\"elementor-icon-list-icon\">\n\t\t\t\t\t\t\t<i aria-hidden=\"true\" class=\"far fa-arrow-alt-circle-right\"><\/i>\t\t\t\t\t\t<\/span>\n\t\t\t\t\t\t\t\t\t\t<span class=\"elementor-icon-list-text\">Des voiturettes de golf \u00e9lectriques avec plaque d'immatriculation pour cyclomoteur<\/span>\n\t\t\t\t\t\t\t\t\t<\/li>\n\t\t\t\t\t\t\t\t<li class=\"elementor-icon-list-item\">\n\t\t\t\t\t\t\t\t\t\t\t<span class=\"elementor-icon-list-icon\">\n\t\t\t\t\t\t\t<i aria-hidden=\"true\" class=\"far fa-arrow-alt-circle-right\"><\/i>\t\t\t\t\t\t<\/span>\n\t\t\t\t\t\t\t\t\t\t<span class=\"elementor-icon-list-text\">Des voiturettes de golf \u00e9lectriques avec plaque d'immatriculation pour voitures<\/span>\n\t\t\t\t\t\t\t\t\t<\/li>\n\t\t\t\t\t\t\t\t<li class=\"elementor-icon-list-item\">\n\t\t\t\t\t\t\t\t\t\t\t<span class=\"elementor-icon-list-icon\">\n\t\t\t\t\t\t\t<i aria-hidden=\"true\" class=\"far fa-arrow-alt-circle-right\"><\/i>\t\t\t\t\t\t<\/span>\n\t\t\t\t\t\t\t\t\t\t<span class=\"elementor-icon-list-text\">Des voiturettes de golf \u00e9lectriques avec plaque d'immatriculation pour motos<\/span>\n\t\t\t\t\t\t\t\t\t<\/li>\n\t\t\t\t\t\t<\/ul>\n\t\t\t\t\t\t<\/div>\n\t\t\t\t<\/div>\n\t\t\t\t\t<\/div>\n\t\t<\/div>\n\t\t\t\t\t<\/div>\n\t\t<\/section>\n\t\t\t\t<\/div>\n\t\t","protected":false},"excerpt":{"rendered":"<p>Leasing de voitures de golf Afin d&rsquo;optimiser notre service, nous avons conclu un partenariat avec plusieurs institutions financi\u00e8res. Bas\u00e9 sur leur exp\u00e9rience, ils vous conseillent lors de l&rsquo;achat d&rsquo;un certain type de voiture de golf homologu\u00e9e pour une utilisation sur la voie publique dans toute l&rsquo;Europe. Si vous le souhaitez, ils peuvent bien s\u00fbr \u00e9galement [&hellip;]<\/p>\n","protected":false},"author":1,"featured_media":0,"parent":0,"menu_order":0,"comment_status":"closed","ping_status":"closed","template":"elementor_header_footer","meta":{"footnotes":""},"class_list":["post-1311","page","type-page","status-publish","hentry"],"yoast_head":"<!-- This site is optimized with the Yoast SEO plugin v26.9 - https:\/\/yoast.com\/product\/yoast-seo-wordpress\/ -->\n<title>Leasing de voitures de golf - Invest Mobile<\/title>\n<meta name=\"description\" content=\"Nouveau! Leasing de voitures de golf Full option et de camions \u00e9lectriques pour la voie publique avec plaque d&#039;immatriculation.\" \/>\n<meta name=\"robots\" content=\"index, follow, max-snippet:-1, max-image-preview:large, max-video-preview:-1\" \/>\n<link rel=\"canonical\" href=\"https:\/\/www.invest-mobile.com\/fr\/leasing-de-voitures-de-golf\/\" \/>\n<meta property=\"og:locale\" content=\"fr_FR\" \/>\n<meta property=\"og:type\" content=\"article\" \/>\n<meta property=\"og:title\" content=\"Leasing de voitures de golf - Invest Mobile\" \/>\n<meta property=\"og:description\" content=\"Nouveau! Leasing de voitures de golf Full option et de camions \u00e9lectriques pour la voie publique avec plaque d&#039;immatriculation.\" \/>\n<meta property=\"og:url\" content=\"https:\/\/www.invest-mobile.com\/fr\/leasing-de-voitures-de-golf\/\" \/>\n<meta property=\"og:site_name\" content=\"Invest Mobile\" \/>\n<meta property=\"article:publisher\" content=\"https:\/\/www.facebook.com\/investmobile\/\" \/>\n<meta property=\"article:modified_time\" content=\"2021-03-24T12:13:51+00:00\" \/>\n<meta property=\"og:image\" content=\"https:\/\/www.invest-mobile.com\/wp-content\/uploads\/2021\/03\/all-inclusiv-leasing.png\" \/>\n<meta name=\"twitter:card\" content=\"summary_large_image\" \/>\n<meta name=\"twitter:label1\" content=\"Dur\u00e9e de lecture est.\" \/>\n\t<meta name=\"twitter:data1\" content=\"1 minute\" \/>\n<script type=\"application\/ld+json\" class=\"yoast-schema-graph\">{\"@context\":\"https:\/\/schema.org\",\"@graph\":[{\"@type\":\"WebPage\",\"@id\":\"https:\/\/www.invest-mobile.com\/fr\/leasing-de-voitures-de-golf\/\",\"url\":\"https:\/\/www.invest-mobile.com\/fr\/leasing-de-voitures-de-golf\/\",\"name\":\"Leasing de voitures de golf - Invest Mobile\",\"isPartOf\":{\"@id\":\"https:\/\/www.invest-mobile.com\/fr\/#website\"},\"primaryImageOfPage\":{\"@id\":\"https:\/\/www.invest-mobile.com\/fr\/leasing-de-voitures-de-golf\/#primaryimage\"},\"image\":{\"@id\":\"https:\/\/www.invest-mobile.com\/fr\/leasing-de-voitures-de-golf\/#primaryimage\"},\"thumbnailUrl\":\"https:\/\/www.invest-mobile.com\/wp-content\/uploads\/2021\/03\/all-inclusiv-leasing.png\",\"datePublished\":\"2021-03-24T12:13:50+00:00\",\"dateModified\":\"2021-03-24T12:13:51+00:00\",\"description\":\"Nouveau! Leasing de voitures de golf Full option et de camions \u00e9lectriques pour la voie publique avec plaque d'immatriculation.\",\"breadcrumb\":{\"@id\":\"https:\/\/www.invest-mobile.com\/fr\/leasing-de-voitures-de-golf\/#breadcrumb\"},\"inLanguage\":\"fr-BE\",\"potentialAction\":[{\"@type\":\"ReadAction\",\"target\":[\"https:\/\/www.invest-mobile.com\/fr\/leasing-de-voitures-de-golf\/\"]}]},{\"@type\":\"ImageObject\",\"inLanguage\":\"fr-BE\",\"@id\":\"https:\/\/www.invest-mobile.com\/fr\/leasing-de-voitures-de-golf\/#primaryimage\",\"url\":\"https:\/\/www.invest-mobile.com\/wp-content\/uploads\/2021\/03\/all-inclusiv-leasing.png\",\"contentUrl\":\"https:\/\/www.invest-mobile.com\/wp-content\/uploads\/2021\/03\/all-inclusiv-leasing.png\"},{\"@type\":\"BreadcrumbList\",\"@id\":\"https:\/\/www.invest-mobile.com\/fr\/leasing-de-voitures-de-golf\/#breadcrumb\",\"itemListElement\":[{\"@type\":\"ListItem\",\"position\":1,\"name\":\"Home\",\"item\":\"https:\/\/www.invest-mobile.com\/fr\/\"},{\"@type\":\"ListItem\",\"position\":2,\"name\":\"Leasing de voitures de golf\"}]},{\"@type\":\"WebSite\",\"@id\":\"https:\/\/www.invest-mobile.com\/fr\/#website\",\"url\":\"https:\/\/www.invest-mobile.com\/fr\/\",\"name\":\"Invest Mobile\",\"description\":\"elektrische golfkarren - milieuvriendelijk rijden op de openbare weg\",\"publisher\":{\"@id\":\"https:\/\/www.invest-mobile.com\/fr\/#organization\"},\"potentialAction\":[{\"@type\":\"SearchAction\",\"target\":{\"@type\":\"EntryPoint\",\"urlTemplate\":\"https:\/\/www.invest-mobile.com\/fr\/?s={search_term_string}\"},\"query-input\":{\"@type\":\"PropertyValueSpecification\",\"valueRequired\":true,\"valueName\":\"search_term_string\"}}],\"inLanguage\":\"fr-BE\"},{\"@type\":\"Organization\",\"@id\":\"https:\/\/www.invest-mobile.com\/fr\/#organization\",\"name\":\"Invest Mobile\",\"url\":\"https:\/\/www.invest-mobile.com\/fr\/\",\"logo\":{\"@type\":\"ImageObject\",\"inLanguage\":\"fr-BE\",\"@id\":\"https:\/\/www.invest-mobile.com\/fr\/#\/schema\/logo\/image\/\",\"url\":\"https:\/\/www.invest-mobile.com\/wp-content\/uploads\/2020\/05\/logo-klein3-e1590493924520.jpg\",\"contentUrl\":\"https:\/\/www.invest-mobile.com\/wp-content\/uploads\/2020\/05\/logo-klein3-e1590493924520.jpg\",\"width\":318,\"height\":111,\"caption\":\"Invest Mobile\"},\"image\":{\"@id\":\"https:\/\/www.invest-mobile.com\/fr\/#\/schema\/logo\/image\/\"},\"sameAs\":[\"https:\/\/www.facebook.com\/investmobile\/\",\"https:\/\/www.instagram.com\/investmobile\/\",\"https:\/\/www.youtube.com\/channel\/UC4FNn7nsTYdyBloUTq4pb1Q\"]}]}<\/script>\n<!-- \/ Yoast SEO plugin. -->","yoast_head_json":{"title":"Leasing de voitures de golf - Invest Mobile","description":"Nouveau! Leasing de voitures de golf Full option et de camions \u00e9lectriques pour la voie publique avec plaque d'immatriculation.","robots":{"index":"index","follow":"follow","max-snippet":"max-snippet:-1","max-image-preview":"max-image-preview:large","max-video-preview":"max-video-preview:-1"},"canonical":"https:\/\/www.invest-mobile.com\/fr\/leasing-de-voitures-de-golf\/","og_locale":"fr_FR","og_type":"article","og_title":"Leasing de voitures de golf - Invest Mobile","og_description":"Nouveau! Leasing de voitures de golf Full option et de camions \u00e9lectriques pour la voie publique avec plaque d'immatriculation.","og_url":"https:\/\/www.invest-mobile.com\/fr\/leasing-de-voitures-de-golf\/","og_site_name":"Invest Mobile","article_publisher":"https:\/\/www.facebook.com\/investmobile\/","article_modified_time":"2021-03-24T12:13:51+00:00","og_image":[{"url":"https:\/\/www.invest-mobile.com\/wp-content\/uploads\/2021\/03\/all-inclusiv-leasing.png","type":"","width":"","height":""}],"twitter_card":"summary_large_image","twitter_misc":{"Dur\u00e9e de lecture est.":"1 minute"},"schema":{"@context":"https:\/\/schema.org","@graph":[{"@type":"WebPage","@id":"https:\/\/www.invest-mobile.com\/fr\/leasing-de-voitures-de-golf\/","url":"https:\/\/www.invest-mobile.com\/fr\/leasing-de-voitures-de-golf\/","name":"Leasing de voitures de golf - Invest Mobile","isPartOf":{"@id":"https:\/\/www.invest-mobile.com\/fr\/#website"},"primaryImageOfPage":{"@id":"https:\/\/www.invest-mobile.com\/fr\/leasing-de-voitures-de-golf\/#primaryimage"},"image":{"@id":"https:\/\/www.invest-mobile.com\/fr\/leasing-de-voitures-de-golf\/#primaryimage"},"thumbnailUrl":"https:\/\/www.invest-mobile.com\/wp-content\/uploads\/2021\/03\/all-inclusiv-leasing.png","datePublished":"2021-03-24T12:13:50+00:00","dateModified":"2021-03-24T12:13:51+00:00","description":"Nouveau! Leasing de voitures de golf Full option et de camions \u00e9lectriques pour la voie publique avec plaque d'immatriculation.","breadcrumb":{"@id":"https:\/\/www.invest-mobile.com\/fr\/leasing-de-voitures-de-golf\/#breadcrumb"},"inLanguage":"fr-BE","potentialAction":[{"@type":"ReadAction","target":["https:\/\/www.invest-mobile.com\/fr\/leasing-de-voitures-de-golf\/"]}]},{"@type":"ImageObject","inLanguage":"fr-BE","@id":"https:\/\/www.invest-mobile.com\/fr\/leasing-de-voitures-de-golf\/#primaryimage","url":"https:\/\/www.invest-mobile.com\/wp-content\/uploads\/2021\/03\/all-inclusiv-leasing.png","contentUrl":"https:\/\/www.invest-mobile.com\/wp-content\/uploads\/2021\/03\/all-inclusiv-leasing.png"},{"@type":"BreadcrumbList","@id":"https:\/\/www.invest-mobile.com\/fr\/leasing-de-voitures-de-golf\/#breadcrumb","itemListElement":[{"@type":"ListItem","position":1,"name":"Home","item":"https:\/\/www.invest-mobile.com\/fr\/"},{"@type":"ListItem","position":2,"name":"Leasing de voitures de golf"}]},{"@type":"WebSite","@id":"https:\/\/www.invest-mobile.com\/fr\/#website","url":"https:\/\/www.invest-mobile.com\/fr\/","name":"Invest Mobile","description":"elektrische golfkarren - milieuvriendelijk rijden op de openbare weg","publisher":{"@id":"https:\/\/www.invest-mobile.com\/fr\/#organization"},"potentialAction":[{"@type":"SearchAction","target":{"@type":"EntryPoint","urlTemplate":"https:\/\/www.invest-mobile.com\/fr\/?s={search_term_string}"},"query-input":{"@type":"PropertyValueSpecification","valueRequired":true,"valueName":"search_term_string"}}],"inLanguage":"fr-BE"},{"@type":"Organization","@id":"https:\/\/www.invest-mobile.com\/fr\/#organization","name":"Invest Mobile","url":"https:\/\/www.invest-mobile.com\/fr\/","logo":{"@type":"ImageObject","inLanguage":"fr-BE","@id":"https:\/\/www.invest-mobile.com\/fr\/#\/schema\/logo\/image\/","url":"https:\/\/www.invest-mobile.com\/wp-content\/uploads\/2020\/05\/logo-klein3-e1590493924520.jpg","contentUrl":"https:\/\/www.invest-mobile.com\/wp-content\/uploads\/2020\/05\/logo-klein3-e1590493924520.jpg","width":318,"height":111,"caption":"Invest Mobile"},"image":{"@id":"https:\/\/www.invest-mobile.com\/fr\/#\/schema\/logo\/image\/"},"sameAs":["https:\/\/www.facebook.com\/investmobile\/","https:\/\/www.instagram.com\/investmobile\/","https:\/\/www.youtube.com\/channel\/UC4FNn7nsTYdyBloUTq4pb1Q"]}]}},"_links":{"self":[{"href":"https:\/\/www.invest-mobile.com\/fr\/wp-json\/wp\/v2\/pages\/1311","targetHints":{"allow":["GET"]}}],"collection":[{"href":"https:\/\/www.invest-mobile.com\/fr\/wp-json\/wp\/v2\/pages"}],"about":[{"href":"https:\/\/www.invest-mobile.com\/fr\/wp-json\/wp\/v2\/types\/page"}],"author":[{"embeddable":true,"href":"https:\/\/www.invest-mobile.com\/fr\/wp-json\/wp\/v2\/users\/1"}],"replies":[{"embeddable":true,"href":"https:\/\/www.invest-mobile.com\/fr\/wp-json\/wp\/v2\/comments?post=1311"}],"version-history":[{"count":1,"href":"https:\/\/www.invest-mobile.com\/fr\/wp-json\/wp\/v2\/pages\/1311\/revisions"}],"predecessor-version":[{"id":1312,"href":"https:\/\/www.invest-mobile.com\/fr\/wp-json\/wp\/v2\/pages\/1311\/revisions\/1312"}],"wp:attachment":[{"href":"https:\/\/www.invest-mobile.com\/fr\/wp-json\/wp\/v2\/media?parent=1311"}],"curies":[{"name":"wp","href":"https:\/\/api.w.org\/{rel}","templated":true}]}}