{"id":468,"date":"2020-09-30T09:37:51","date_gmt":"2020-09-30T09:37:51","guid":{"rendered":"https:\/\/www.invest-mobile.com\/voiturettes-de-golf-imob\/"},"modified":"2020-11-09T13:44:29","modified_gmt":"2020-11-09T13:44:29","slug":"voiturettes-de-golf-imob","status":"publish","type":"page","link":"https:\/\/www.invest-mobile.com\/fr\/voiturettes-de-golf-imob\/","title":{"rendered":"Voiturettes de golf iMOB"},"content":{"rendered":"\t\t<div data-elementor-type=\"wp-page\" data-elementor-id=\"468\" class=\"elementor elementor-468 elementor-16\" data-elementor-post-type=\"page\">\n\t\t\t\t\t\t<section class=\"elementor-section elementor-top-section elementor-element elementor-element-54b4ba8e elementor-section-full_width elementor-section-height-default elementor-section-height-default\" data-id=\"54b4ba8e\" data-element_type=\"section\" data-e-type=\"section\" data-settings=\"{&quot;shape_divider_bottom&quot;:&quot;opacity-tilt&quot;}\">\n\t\t\t\t\t<div class=\"elementor-shape elementor-shape-bottom\" aria-hidden=\"true\" data-negative=\"false\">\n\t\t\t<svg xmlns=\"http:\/\/www.w3.org\/2000\/svg\" viewBox=\"0 0 2600 131.1\" preserveAspectRatio=\"none\">\n\t<path class=\"elementor-shape-fill\" d=\"M0 0L2600 0 2600 69.1 0 0z\"\/>\n\t<path class=\"elementor-shape-fill\" style=\"opacity:0.5\" d=\"M0 0L2600 0 2600 69.1 0 69.1z\"\/>\n\t<path class=\"elementor-shape-fill\" style=\"opacity:0.25\" d=\"M2600 0L0 0 0 130.1 2600 69.1z\"\/>\n<\/svg>\t\t<\/div>\n\t\t\t\t\t<div class=\"elementor-container elementor-column-gap-no\">\n\t\t\t\t\t<div class=\"elementor-column elementor-col-100 elementor-top-column elementor-element elementor-element-765f3001\" data-id=\"765f3001\" data-element_type=\"column\" data-e-type=\"column\">\n\t\t\t<div class=\"elementor-widget-wrap elementor-element-populated\">\n\t\t\t\t\t\t<div class=\"elementor-element elementor-element-7b343897 elementor--h-position-center elementor--v-position-middle elementor-arrows-position-inside elementor-pagination-position-inside elementor-widget elementor-widget-slides\" data-id=\"7b343897\" data-element_type=\"widget\" data-e-type=\"widget\" data-settings=\"{&quot;navigation&quot;:&quot;both&quot;,&quot;autoplay&quot;:&quot;yes&quot;,&quot;pause_on_hover&quot;:&quot;yes&quot;,&quot;pause_on_interaction&quot;:&quot;yes&quot;,&quot;autoplay_speed&quot;:5000,&quot;infinite&quot;:&quot;yes&quot;,&quot;transition&quot;:&quot;slide&quot;,&quot;transition_speed&quot;:500}\" data-widget_type=\"slides.default\">\n\t\t\t\t<div class=\"elementor-widget-container\">\n\t\t\t\t\t\t\t\t\t<div class=\"elementor-swiper\">\n\t\t\t\t\t<div class=\"elementor-slides-wrapper elementor-main-swiper swiper\" role=\"region\" aria-roledescription=\"carousel\" aria-label=\"Slides\" dir=\"ltr\" data-animation=\"fadeInUp\">\n\t\t\t\t<div class=\"swiper-wrapper elementor-slides\">\n\t\t\t\t\t\t\t\t\t\t<div class=\"elementor-repeater-item-d65475e swiper-slide\" role=\"group\" aria-roledescription=\"slide\"><div class=\"swiper-slide-bg\" role=\"img\" aria-label=\"imobBeeldContentTwee\"><\/div><div class=\"elementor-background-overlay\"><\/div><div class=\"swiper-slide-inner\" ><div class=\"swiper-slide-contents\"><div class=\"elementor-slide-heading\">Voiturettes de golf iMOB<\/div><\/div><\/div><\/div>\t\t\t\t<\/div>\n\t\t\t\t\t\t\t<\/div>\n\t\t\t\t<\/div>\n\t\t\t\t\t\t\t\t<\/div>\n\t\t\t\t<\/div>\n\t\t\t\t\t<\/div>\n\t\t<\/div>\n\t\t\t\t\t<\/div>\n\t\t<\/section>\n\t\t\t\t<section class=\"elementor-section elementor-top-section elementor-element elementor-element-5ff85c elementor-section-boxed elementor-section-height-default elementor-section-height-default\" data-id=\"5ff85c\" data-element_type=\"section\" data-e-type=\"section\">\n\t\t\t\t\t\t<div class=\"elementor-container elementor-column-gap-default\">\n\t\t\t\t\t<div class=\"elementor-column elementor-col-100 elementor-top-column elementor-element elementor-element-24567220\" data-id=\"24567220\" data-element_type=\"column\" data-e-type=\"column\">\n\t\t\t<div class=\"elementor-widget-wrap elementor-element-populated\">\n\t\t\t\t\t\t<div class=\"elementor-element elementor-element-31929d4b elementor-widget elementor-widget-heading\" data-id=\"31929d4b\" data-element_type=\"widget\" data-e-type=\"widget\" data-widget_type=\"heading.default\">\n\t\t\t\t<div class=\"elementor-widget-container\">\n\t\t\t\t\t<h2 class=\"elementor-heading-title elementor-size-default\">Voiturettes de golf iMob pour la voie publique<\/h2>\t\t\t\t<\/div>\n\t\t\t\t<\/div>\n\t\t\t\t<div class=\"elementor-element elementor-element-48eecaa9 elementor-widget elementor-widget-text-editor\" data-id=\"48eecaa9\" data-element_type=\"widget\" data-e-type=\"widget\" data-widget_type=\"text-editor.default\">\n\t\t\t\t<div class=\"elementor-widget-container\">\n\t\t\t\t\t\t\t\t\t<p>Invest-Mobile est le fournisseur des voiturettes de golf iMob pour le Benelux et l&rsquo;Allemagne. Chariots de golf fonctionnels, \u00e0 entra\u00eenement \u00e9lectrique. Respectueux de l&rsquo;environnement. Convient pour les routes publiques. Si id\u00e9al pour la ville !<\/p>\n\t\t\t\t\t\t\t\t<\/div>\n\t\t\t\t<\/div>\n\t\t\t\t\t<\/div>\n\t\t<\/div>\n\t\t\t\t\t<\/div>\n\t\t<\/section>\n\t\t\t\t<section class=\"elementor-section elementor-top-section elementor-element elementor-element-590a62a5 elementor-reverse-tablet elementor-reverse-mobile elementor-section-full_width elementor-section-height-default elementor-section-height-default\" data-id=\"590a62a5\" data-element_type=\"section\" data-e-type=\"section\" data-settings=\"{&quot;background_background&quot;:&quot;classic&quot;}\">\n\t\t\t\t\t\t<div class=\"elementor-container elementor-column-gap-no\">\n\t\t\t\t\t<div class=\"elementor-column elementor-col-50 elementor-top-column elementor-element elementor-element-189d3433\" data-id=\"189d3433\" data-element_type=\"column\" data-e-type=\"column\" data-settings=\"{&quot;background_background&quot;:&quot;classic&quot;}\">\n\t\t\t<div class=\"elementor-widget-wrap elementor-element-populated\">\n\t\t\t\t\t\t<div class=\"elementor-element elementor-element-4adec9f elementor-widget elementor-widget-heading\" data-id=\"4adec9f\" data-element_type=\"widget\" data-e-type=\"widget\" data-widget_type=\"heading.default\">\n\t\t\t\t<div class=\"elementor-widget-container\">\n\t\t\t\t\t<h2 class=\"elementor-heading-title elementor-size-default\">coming soon...<\/h2>\t\t\t\t<\/div>\n\t\t\t\t<\/div>\n\t\t\t\t\t<\/div>\n\t\t<\/div>\n\t\t\t\t<div class=\"elementor-column elementor-col-50 elementor-top-column elementor-element elementor-element-29cf04b2\" data-id=\"29cf04b2\" data-element_type=\"column\" data-e-type=\"column\">\n\t\t\t<div class=\"elementor-widget-wrap elementor-element-populated\">\n\t\t\t\t\t\t<div class=\"elementor-element elementor-element-6cbb2990 elementor-widget elementor-widget-text-editor\" data-id=\"6cbb2990\" data-element_type=\"widget\" data-e-type=\"widget\" data-widget_type=\"text-editor.default\">\n\t\t\t\t<div class=\"elementor-widget-container\">\n\t\t\t\t\t\t\t\t\t<p>Invest-Mobile est le fabricant et le fournisseur de la voiturette de golf \u00e9lectrique appel\u00e9e iMob. La conduite \u00e9lectrique sur la voie publique ? Avec l&rsquo;iMob, vous disposez d&rsquo;un moyen de transport alternatif en ville, sur le terrain de golf, dans les locaux de votre entreprise ou \u00e0 proximit\u00e9 de votre domicile. Nos v\u00e9hicules remplissent toutes les conditions requises pour circuler sur les voies publiques en Europe. Vous devez \u00eatre en possession d&rsquo;un certificat de cyclomoteur.<\/p>\n\t\t\t\t\t\t\t\t<\/div>\n\t\t\t\t<\/div>\n\t\t\t\t<div class=\"elementor-element elementor-element-1c7d917e elementor-widget elementor-widget-heading\" data-id=\"1c7d917e\" data-element_type=\"widget\" data-e-type=\"widget\" data-widget_type=\"heading.default\">\n\t\t\t\t<div class=\"elementor-widget-container\">\n\t\t\t\t\t<h2 class=\"elementor-heading-title elementor-size-default\">voiturettes de golf \u00e9lectriques iMob<\/h2>\t\t\t\t<\/div>\n\t\t\t\t<\/div>\n\t\t\t\t<div class=\"elementor-element elementor-element-21a7c1f elementor-widget elementor-widget-text-editor\" data-id=\"21a7c1f\" data-element_type=\"widget\" data-e-type=\"widget\" data-widget_type=\"text-editor.default\">\n\t\t\t\t<div class=\"elementor-widget-container\">\n\t\t\t\t\t\t\t\t\t<p>En tant qu&rsquo;entreprise innovante, nous nous concentrons sur les v\u00e9hicules \u00e9lectriques pour les particuliers et proposons aux entreprises du secteur du tourisme, aux municipalit\u00e9s, aux gouvernements et aux autres institutions nos v\u00e9hicules pratiques, fonctionnels et \u00e9conomes en \u00e9nergie pour le transport des invit\u00e9s, des personnes et\/ou des marchandises.<\/p>\n<p>Les nombreux mod\u00e8les, accessoires et options font du chariot de golf iMob un v\u00e9hicule multifonctionnel pour le transport de personnes et\/ou de marchandises. Vous cherchez une solution \u00e9cologique et fonctionnelle pour votre entreprise ? Les voiturettes de golf iMob offrent \u00e9galement la solution pour vous. Une conduite silencieuse sur la voie publique, un chargement rapide et un stationnement sans soucis.<\/p>\n\t\t\t\t\t\t\t\t<\/div>\n\t\t\t\t<\/div>\n\t\t\t\t\t<\/div>\n\t\t<\/div>\n\t\t\t\t\t<\/div>\n\t\t<\/section>\n\t\t\t\t<section class=\"elementor-section elementor-top-section elementor-element elementor-element-6871c71 elementor-section-boxed elementor-section-height-default elementor-section-height-default\" data-id=\"6871c71\" data-element_type=\"section\" data-e-type=\"section\" data-settings=\"{&quot;background_background&quot;:&quot;classic&quot;}\">\n\t\t\t\t\t\t<div class=\"elementor-container elementor-column-gap-default\">\n\t\t\t\t\t<div class=\"elementor-column elementor-col-50 elementor-top-column elementor-element elementor-element-3091918d\" data-id=\"3091918d\" data-element_type=\"column\" data-e-type=\"column\">\n\t\t\t<div class=\"elementor-widget-wrap elementor-element-populated\">\n\t\t\t\t\t\t<div class=\"elementor-element elementor-element-227db25e elementor-widget elementor-widget-heading\" data-id=\"227db25e\" data-element_type=\"widget\" data-e-type=\"widget\" data-widget_type=\"heading.default\">\n\t\t\t\t<div class=\"elementor-widget-container\">\n\t\t\t\t\t<h2 class=\"elementor-heading-title elementor-size-default\">Pratique<\/h2>\t\t\t\t<\/div>\n\t\t\t\t<\/div>\n\t\t\t\t<div class=\"elementor-element elementor-element-d9fffe5 elementor-widget elementor-widget-text-editor\" data-id=\"d9fffe5\" data-element_type=\"widget\" data-e-type=\"widget\" data-widget_type=\"text-editor.default\">\n\t\t\t\t<div class=\"elementor-widget-container\">\n\t\t\t\t\t\t\t\t\t<p>Les voiturettes de golf \u00e9lectriques iMob sont faciles \u00e0 entretenir, \u00e9lectriques et peuvent \u00eatre utilis\u00e9es pour de nombreuses applications. Invest-Mobile assemble l&rsquo;iMob dans sa propre usine. Les v\u00e9hicules sont \u00e9quip\u00e9s d&rsquo;accessoires d&rsquo;origine (\u00e9clairage, ceintures de s\u00e9curit\u00e9, etc.) afin que la conduite sur la voie publique soit autoris\u00e9e. Les v\u00e9hicules destin\u00e9s aux clients en Belgique sont munis d&rsquo;une plaque d&rsquo;immatriculation belge. Pour les clients \u00e0 l&rsquo;\u00e9tranger, les v\u00e9hicules sont livr\u00e9s pr\u00eats \u00e0 l&#8217;emploi, conform\u00e9ment \u00e0 la l\u00e9gislation locale. Les v\u00e9hicules \u00e9lectriques iMob sont disponibles en stock.<\/p>\n\t\t\t\t\t\t\t\t<\/div>\n\t\t\t\t<\/div>\n\t\t\t\t\t<\/div>\n\t\t<\/div>\n\t\t\t\t<div class=\"elementor-column elementor-col-50 elementor-top-column elementor-element elementor-element-6f1e4cb\" data-id=\"6f1e4cb\" data-element_type=\"column\" data-e-type=\"column\">\n\t\t\t<div class=\"elementor-widget-wrap elementor-element-populated\">\n\t\t\t\t\t\t<div class=\"elementor-element elementor-element-8c8e321 elementor-widget elementor-widget-heading\" data-id=\"8c8e321\" data-element_type=\"widget\" data-e-type=\"widget\" data-widget_type=\"heading.default\">\n\t\t\t\t<div class=\"elementor-widget-container\">\n\t\t\t\t\t<h2 class=\"elementor-heading-title elementor-size-default\">Service<\/h2>\t\t\t\t<\/div>\n\t\t\t\t<\/div>\n\t\t\t\t<div class=\"elementor-element elementor-element-bfd532b elementor-widget elementor-widget-text-editor\" data-id=\"bfd532b\" data-element_type=\"widget\" data-e-type=\"widget\" data-widget_type=\"text-editor.default\">\n\t\t\t\t<div class=\"elementor-widget-container\">\n\t\t\t\t\t\t\t\t\t<p>Tous nos mini v\u00e9hicules \u00e9lectriques ne rouillent pas et sont \u00e9quip\u00e9s d&rsquo;un ch\u00e2ssis en aluminium. Invest-Mobile dispose de son propre service d&rsquo;entretien et de maintenance.<\/p>\n\t\t\t\t\t\t\t\t<\/div>\n\t\t\t\t<\/div>\n\t\t\t\t<div class=\"elementor-element elementor-element-b987991 elementor-icon-list--layout-traditional elementor-list-item-link-full_width elementor-widget elementor-widget-icon-list\" data-id=\"b987991\" data-element_type=\"widget\" data-e-type=\"widget\" data-widget_type=\"icon-list.default\">\n\t\t\t\t<div class=\"elementor-widget-container\">\n\t\t\t\t\t\t\t<ul class=\"elementor-icon-list-items\">\n\t\t\t\t\t\t\t<li class=\"elementor-icon-list-item\">\n\t\t\t\t\t\t\t\t\t\t\t<span class=\"elementor-icon-list-icon\">\n\t\t\t\t\t\t\t<i aria-hidden=\"true\" class=\"far fa-arrow-alt-circle-right\"><\/i>\t\t\t\t\t\t<\/span>\n\t\t\t\t\t\t\t\t\t\t<span class=\"elementor-icon-list-text\">2 ans de garantie du fabricant sur les piles (dans le cadre d'une utilisation normale)<\/span>\n\t\t\t\t\t\t\t\t\t<\/li>\n\t\t\t\t\t\t\t\t<li class=\"elementor-icon-list-item\">\n\t\t\t\t\t\t\t\t\t\t\t<span class=\"elementor-icon-list-icon\">\n\t\t\t\t\t\t\t<i aria-hidden=\"true\" class=\"far fa-arrow-alt-circle-right\"><\/i>\t\t\t\t\t\t<\/span>\n\t\t\t\t\t\t\t\t\t\t<span class=\"elementor-icon-list-text\">4 ans de garantie du fabricant sur le ch\u00e2ssis et la carrosserie<\/span>\n\t\t\t\t\t\t\t\t\t<\/li>\n\t\t\t\t\t\t\t\t<li class=\"elementor-icon-list-item\">\n\t\t\t\t\t\t\t\t\t\t\t<span class=\"elementor-icon-list-icon\">\n\t\t\t\t\t\t\t<i aria-hidden=\"true\" class=\"far fa-arrow-alt-circle-right\"><\/i>\t\t\t\t\t\t<\/span>\n\t\t\t\t\t\t\t\t\t\t<span class=\"elementor-icon-list-text\">1 an de service et de maintenance gratuits<\/span>\n\t\t\t\t\t\t\t\t\t<\/li>\n\t\t\t\t\t\t\t\t<li class=\"elementor-icon-list-item\">\n\t\t\t\t\t\t\t\t\t\t\t<span class=\"elementor-icon-list-icon\">\n\t\t\t\t\t\t\t<i aria-hidden=\"true\" class=\"far fa-arrow-alt-circle-right\"><\/i>\t\t\t\t\t\t<\/span>\n\t\t\t\t\t\t\t\t\t\t<span class=\"elementor-icon-list-text\">Livr\u00e9 avec un manuel du Club Car comprenant une description compl\u00e8te et des instructions<\/span>\n\t\t\t\t\t\t\t\t\t<\/li>\n\t\t\t\t\t\t<\/ul>\n\t\t\t\t\t\t<\/div>\n\t\t\t\t<\/div>\n\t\t\t\t\t<\/div>\n\t\t<\/div>\n\t\t\t\t\t<\/div>\n\t\t<\/section>\n\t\t\t\t<\/div>\n\t\t","protected":false},"excerpt":{"rendered":"<p>Voiturettes de golf iMOB Voiturettes de golf iMob pour la voie publique Invest-Mobile est le fournisseur des voiturettes de golf iMob pour le Benelux et l&rsquo;Allemagne. Chariots de golf fonctionnels, \u00e0 entra\u00eenement \u00e9lectrique. Respectueux de l&rsquo;environnement. Convient pour les routes publiques. Si id\u00e9al pour la ville ! coming soon&#8230; Invest-Mobile est le fabricant et le [&hellip;]<\/p>\n","protected":false},"author":1,"featured_media":0,"parent":0,"menu_order":0,"comment_status":"closed","ping_status":"closed","template":"elementor_header_footer","meta":{"footnotes":""},"class_list":["post-468","page","type-page","status-publish","hentry"],"yoast_head":"<!-- This site is optimized with the Yoast SEO plugin v26.9 - https:\/\/yoast.com\/product\/yoast-seo-wordpress\/ -->\n<title>Voiturettes de golf iMOB - Invest Mobile<\/title>\n<meta name=\"description\" content=\"Chariots de golf fonctionnels, \u00e0 entra\u00eenement \u00e9lectrique. Respectueux de l\u2019environnement. Convient pour les routes publiques. Si id\u00e9al pour la ville !\" \/>\n<meta name=\"robots\" content=\"index, follow, max-snippet:-1, max-image-preview:large, max-video-preview:-1\" \/>\n<link rel=\"canonical\" href=\"https:\/\/www.invest-mobile.com\/fr\/voiturettes-de-golf-imob\/\" \/>\n<meta property=\"og:locale\" content=\"fr_FR\" \/>\n<meta property=\"og:type\" content=\"article\" \/>\n<meta property=\"og:title\" content=\"Voiturettes de golf iMOB - Invest Mobile\" \/>\n<meta property=\"og:description\" content=\"Chariots de golf fonctionnels, \u00e0 entra\u00eenement \u00e9lectrique. Respectueux de l\u2019environnement. Convient pour les routes publiques. Si id\u00e9al pour la ville !\" \/>\n<meta property=\"og:url\" content=\"https:\/\/www.invest-mobile.com\/fr\/voiturettes-de-golf-imob\/\" \/>\n<meta property=\"og:site_name\" content=\"Invest Mobile\" \/>\n<meta property=\"article:publisher\" content=\"https:\/\/www.facebook.com\/investmobile\/\" \/>\n<meta property=\"article:modified_time\" content=\"2020-11-09T13:44:29+00:00\" \/>\n<meta name=\"twitter:card\" content=\"summary_large_image\" \/>\n<meta name=\"twitter:label1\" content=\"Dur\u00e9e de lecture est.\" \/>\n\t<meta name=\"twitter:data1\" content=\"2 minutes\" \/>\n<script type=\"application\/ld+json\" class=\"yoast-schema-graph\">{\"@context\":\"https:\/\/schema.org\",\"@graph\":[{\"@type\":\"WebPage\",\"@id\":\"https:\/\/www.invest-mobile.com\/fr\/voiturettes-de-golf-imob\/\",\"url\":\"https:\/\/www.invest-mobile.com\/fr\/voiturettes-de-golf-imob\/\",\"name\":\"Voiturettes de golf iMOB - Invest Mobile\",\"isPartOf\":{\"@id\":\"https:\/\/www.invest-mobile.com\/fr\/#website\"},\"datePublished\":\"2020-09-30T09:37:51+00:00\",\"dateModified\":\"2020-11-09T13:44:29+00:00\",\"description\":\"Chariots de golf fonctionnels, \u00e0 entra\u00eenement \u00e9lectrique. Respectueux de l\u2019environnement. Convient pour les routes publiques. Si id\u00e9al pour la ville !\",\"breadcrumb\":{\"@id\":\"https:\/\/www.invest-mobile.com\/fr\/voiturettes-de-golf-imob\/#breadcrumb\"},\"inLanguage\":\"fr-BE\",\"potentialAction\":[{\"@type\":\"ReadAction\",\"target\":[\"https:\/\/www.invest-mobile.com\/fr\/voiturettes-de-golf-imob\/\"]}]},{\"@type\":\"BreadcrumbList\",\"@id\":\"https:\/\/www.invest-mobile.com\/fr\/voiturettes-de-golf-imob\/#breadcrumb\",\"itemListElement\":[{\"@type\":\"ListItem\",\"position\":1,\"name\":\"Home\",\"item\":\"https:\/\/www.invest-mobile.com\/fr\/\"},{\"@type\":\"ListItem\",\"position\":2,\"name\":\"Voiturettes de golf iMOB\"}]},{\"@type\":\"WebSite\",\"@id\":\"https:\/\/www.invest-mobile.com\/fr\/#website\",\"url\":\"https:\/\/www.invest-mobile.com\/fr\/\",\"name\":\"Invest Mobile\",\"description\":\"elektrische golfkarren - milieuvriendelijk rijden op de openbare weg\",\"publisher\":{\"@id\":\"https:\/\/www.invest-mobile.com\/fr\/#organization\"},\"potentialAction\":[{\"@type\":\"SearchAction\",\"target\":{\"@type\":\"EntryPoint\",\"urlTemplate\":\"https:\/\/www.invest-mobile.com\/fr\/?s={search_term_string}\"},\"query-input\":{\"@type\":\"PropertyValueSpecification\",\"valueRequired\":true,\"valueName\":\"search_term_string\"}}],\"inLanguage\":\"fr-BE\"},{\"@type\":\"Organization\",\"@id\":\"https:\/\/www.invest-mobile.com\/fr\/#organization\",\"name\":\"Invest Mobile\",\"url\":\"https:\/\/www.invest-mobile.com\/fr\/\",\"logo\":{\"@type\":\"ImageObject\",\"inLanguage\":\"fr-BE\",\"@id\":\"https:\/\/www.invest-mobile.com\/fr\/#\/schema\/logo\/image\/\",\"url\":\"https:\/\/www.invest-mobile.com\/wp-content\/uploads\/2020\/05\/logo-klein3-e1590493924520.jpg\",\"contentUrl\":\"https:\/\/www.invest-mobile.com\/wp-content\/uploads\/2020\/05\/logo-klein3-e1590493924520.jpg\",\"width\":318,\"height\":111,\"caption\":\"Invest Mobile\"},\"image\":{\"@id\":\"https:\/\/www.invest-mobile.com\/fr\/#\/schema\/logo\/image\/\"},\"sameAs\":[\"https:\/\/www.facebook.com\/investmobile\/\",\"https:\/\/www.instagram.com\/investmobile\/\",\"https:\/\/www.youtube.com\/channel\/UC4FNn7nsTYdyBloUTq4pb1Q\"]}]}<\/script>\n<!-- \/ Yoast SEO plugin. -->","yoast_head_json":{"title":"Voiturettes de golf iMOB - Invest Mobile","description":"Chariots de golf fonctionnels, \u00e0 entra\u00eenement \u00e9lectrique. Respectueux de l\u2019environnement. Convient pour les routes publiques. Si id\u00e9al pour la ville !","robots":{"index":"index","follow":"follow","max-snippet":"max-snippet:-1","max-image-preview":"max-image-preview:large","max-video-preview":"max-video-preview:-1"},"canonical":"https:\/\/www.invest-mobile.com\/fr\/voiturettes-de-golf-imob\/","og_locale":"fr_FR","og_type":"article","og_title":"Voiturettes de golf iMOB - Invest Mobile","og_description":"Chariots de golf fonctionnels, \u00e0 entra\u00eenement \u00e9lectrique. Respectueux de l\u2019environnement. Convient pour les routes publiques. Si id\u00e9al pour la ville !","og_url":"https:\/\/www.invest-mobile.com\/fr\/voiturettes-de-golf-imob\/","og_site_name":"Invest Mobile","article_publisher":"https:\/\/www.facebook.com\/investmobile\/","article_modified_time":"2020-11-09T13:44:29+00:00","twitter_card":"summary_large_image","twitter_misc":{"Dur\u00e9e de lecture est.":"2 minutes"},"schema":{"@context":"https:\/\/schema.org","@graph":[{"@type":"WebPage","@id":"https:\/\/www.invest-mobile.com\/fr\/voiturettes-de-golf-imob\/","url":"https:\/\/www.invest-mobile.com\/fr\/voiturettes-de-golf-imob\/","name":"Voiturettes de golf iMOB - Invest Mobile","isPartOf":{"@id":"https:\/\/www.invest-mobile.com\/fr\/#website"},"datePublished":"2020-09-30T09:37:51+00:00","dateModified":"2020-11-09T13:44:29+00:00","description":"Chariots de golf fonctionnels, \u00e0 entra\u00eenement \u00e9lectrique. Respectueux de l\u2019environnement. Convient pour les routes publiques. Si id\u00e9al pour la ville !","breadcrumb":{"@id":"https:\/\/www.invest-mobile.com\/fr\/voiturettes-de-golf-imob\/#breadcrumb"},"inLanguage":"fr-BE","potentialAction":[{"@type":"ReadAction","target":["https:\/\/www.invest-mobile.com\/fr\/voiturettes-de-golf-imob\/"]}]},{"@type":"BreadcrumbList","@id":"https:\/\/www.invest-mobile.com\/fr\/voiturettes-de-golf-imob\/#breadcrumb","itemListElement":[{"@type":"ListItem","position":1,"name":"Home","item":"https:\/\/www.invest-mobile.com\/fr\/"},{"@type":"ListItem","position":2,"name":"Voiturettes de golf iMOB"}]},{"@type":"WebSite","@id":"https:\/\/www.invest-mobile.com\/fr\/#website","url":"https:\/\/www.invest-mobile.com\/fr\/","name":"Invest Mobile","description":"elektrische golfkarren - milieuvriendelijk rijden op de openbare weg","publisher":{"@id":"https:\/\/www.invest-mobile.com\/fr\/#organization"},"potentialAction":[{"@type":"SearchAction","target":{"@type":"EntryPoint","urlTemplate":"https:\/\/www.invest-mobile.com\/fr\/?s={search_term_string}"},"query-input":{"@type":"PropertyValueSpecification","valueRequired":true,"valueName":"search_term_string"}}],"inLanguage":"fr-BE"},{"@type":"Organization","@id":"https:\/\/www.invest-mobile.com\/fr\/#organization","name":"Invest Mobile","url":"https:\/\/www.invest-mobile.com\/fr\/","logo":{"@type":"ImageObject","inLanguage":"fr-BE","@id":"https:\/\/www.invest-mobile.com\/fr\/#\/schema\/logo\/image\/","url":"https:\/\/www.invest-mobile.com\/wp-content\/uploads\/2020\/05\/logo-klein3-e1590493924520.jpg","contentUrl":"https:\/\/www.invest-mobile.com\/wp-content\/uploads\/2020\/05\/logo-klein3-e1590493924520.jpg","width":318,"height":111,"caption":"Invest Mobile"},"image":{"@id":"https:\/\/www.invest-mobile.com\/fr\/#\/schema\/logo\/image\/"},"sameAs":["https:\/\/www.facebook.com\/investmobile\/","https:\/\/www.instagram.com\/investmobile\/","https:\/\/www.youtube.com\/channel\/UC4FNn7nsTYdyBloUTq4pb1Q"]}]}},"_links":{"self":[{"href":"https:\/\/www.invest-mobile.com\/fr\/wp-json\/wp\/v2\/pages\/468","targetHints":{"allow":["GET"]}}],"collection":[{"href":"https:\/\/www.invest-mobile.com\/fr\/wp-json\/wp\/v2\/pages"}],"about":[{"href":"https:\/\/www.invest-mobile.com\/fr\/wp-json\/wp\/v2\/types\/page"}],"author":[{"embeddable":true,"href":"https:\/\/www.invest-mobile.com\/fr\/wp-json\/wp\/v2\/users\/1"}],"replies":[{"embeddable":true,"href":"https:\/\/www.invest-mobile.com\/fr\/wp-json\/wp\/v2\/comments?post=468"}],"version-history":[{"count":2,"href":"https:\/\/www.invest-mobile.com\/fr\/wp-json\/wp\/v2\/pages\/468\/revisions"}],"predecessor-version":[{"id":796,"href":"https:\/\/www.invest-mobile.com\/fr\/wp-json\/wp\/v2\/pages\/468\/revisions\/796"}],"wp:attachment":[{"href":"https:\/\/www.invest-mobile.com\/fr\/wp-json\/wp\/v2\/media?parent=468"}],"curies":[{"name":"wp","href":"https:\/\/api.w.org\/{rel}","templated":true}]}}